{"id":51,"date":"2018-05-24T18:04:41","date_gmt":"2018-05-24T18:04:41","guid":{"rendered":"http:\/\/philanthrosoft.com\/?page_id=51"},"modified":"2022-05-31T19:40:06","modified_gmt":"2022-05-31T19:40:06","slug":"datenschutz","status":"publish","type":"page","link":"http:\/\/philanthrosoft.com\/?page_id=51","title":{"rendered":"Datenschutzerkl\u00e4rung"},"content":{"rendered":"\n<p><\/p>\n\n\n<p><strong>1. Grunds\u00e4tzliches<\/strong><\/p>\n<p>PhilanthroSoft nimmt den Schutz Ihrer pers\u00f6nlichen Daten&nbsp; ernst und h\u00e4lt sich an die datenschutzrechtlichen Regelungen \u2013 das Bundesdatenschutzgesetz, das Telemediengesetz und das Datenschutzrecht der Europ\u00e4ischen Union.<br>PhilanthroSoft verwendet personenbezogene Daten grunds\u00e4tzlich nur zur Kommunikation, Betrieb und Verbesserung von eigenen WebSites, den eigen Produkten und ggF. dem eigenen Marketing. PhilanthroSoft verwendet personenbezogen Daten also grunds\u00e4tzlich nicht als Einnahmequelle, insbesondere werden &#8222;Ihre&#8220; Daten also nicht &#8222;verkauft&#8220;.<\/p>\n<p>Die nachfolgende Erkl\u00e4rung gibt Ihnen einen \u00dcberblick dar\u00fcber welche Art von Daten PhilanthroSoft zu welchem Zweck erhebt.<\/p>\n<p>Bei allen datenschutzrechtlichen Fragen, L\u00f6sch-W\u00fcnschen, etc. wenden Sie sich bitte an folgende E-Mail-Adresse: info@philanthrosoft.com<\/p>\n<p><strong>2. Verantwortliche Stelle<\/strong><br>Diese Website wird von der<\/p>\n<p><em>PhilanthroSoft UG (haftungsbeschr\u00e4nkt)<\/em><br><em>Lindenallee 37<\/em><br><em>26122 Oldenburg<\/em><\/p>\n<p>betrieben, diese ist die datenschutzrechtlich Verantwortliche.<\/p>\n<p><strong>3. Erhebung personenbezogener Daten<\/strong><\/p>\n<p>Im Rahmen der Nutzung des PhilanthroSoft-Website und des Blogs werden insbesondere folgende Daten erhoben:<br>\u2022 die E-Mail-Adresse, die der Nutzer eingibt<br>\u2022 Blog-Texte, die der Nutzer eingibt<br>\u2022 Website, die der Nutzer eingibt<br>\u2022 ggf. IP, die der Nutzer bei der Nutzung der WebSite verwendet<\/p>\n<p>Im Rahmen der Nutzung der App &#8222;Boxes and Arrows&#8220; werden von der App keine personenbezogenen Daten erfasst.<\/p>\n<p><strong>4. Zweck der Erhebung, Verarbeitung und Nutzung<\/strong><\/p>\n<p>PhilanthroSoft verwendet die erhobenen und von Ihnen mitgeteilten Daten&nbsp; zur Bereitstellung der Website und deren Funktionalit\u00e4ten sowie zur Kommunikation mit Ihnen.<\/p>\n<p>PhilanthroSoft setzt zu seiner Leistungserbringung Dienstleister ein, die gegebenenfalls im Rahmen von Auftragsdatenverarbeitungsverh\u00e4ltnissen und in \u00dcbereinstimmung mit den jeweiligen datenschutzrechtlichen Anforderungen t\u00e4tig werden. Eine Weitergabe der Daten an Dritte erfolgt grunds\u00e4tzlich nur im Zusammenhang mit dem Betrieb der WebSite&nbsp; oder den PhilanthroSoft Produkten z.B. ggf. zur SpamErkenung von Blog-Eintr\u00e4gen, Auswertung der Beurteilung der App, andere Auswertung zu Marketing-Zwecken.<\/p>\n<p><strong>5. Rechte des Nutzers<\/strong><\/p>\n<p>Der Nutzer hat bez\u00fcglich der personenbezogenen Daten die durch das Bundesdatenschutzgesetz gew\u00e4hrleisteten Rechte auf Auskunft, Berichtigung, Sperrung und L\u00f6schung. Diese Rechte k\u00f6nnen ausge\u00fcbt werden durch eine Nachricht auf dem Postweg oder durch elektronische Post an folgende E-Mail-Adresse: info@philanthrosoft.com<\/p>\n<p>Der Nutzer kann zudem etwaig erteilte Einwilligungen jederzeit durch entsprechende Mitteilung widerrufen, z.B. auf dem Postweg oder durch elektronische Post an info@philanthrosoft.com.<\/p>\n<p>Im Falle das ein gesetzlicher Erlaubnistatbestand entf\u00e4llt oder eine Einwilligung widerrufen wird, werden die entsprechenden personenbezogenen Daten unverz\u00fcglich gel\u00f6scht. An die Stelle der L\u00f6schung tritt eine Sperrung, soweit einer L\u00f6schung gesetzliche, satzungsm\u00e4\u00dfige oder vertragliche Aufbewahrungsfristen, insbesondere, aber nicht ausschlie\u00dflich f\u00fcr die Abwicklung eines Vertragsverh\u00e4ltnisses entgegenstehen.<\/p>\n<p><strong>6. Einsatz von Cookies<\/strong><\/p>\n<p>PhilanthroSoft setzt ggf. Cookies ein, um den Nutzern einen komfortablen Online-Dienst zu bieten und die Berechtigung des Nutzers zur Nutzung des Leistungsangebots zu verifizieren. Cookies sind Textdateien, die Informationen enthalten, um wiederkehrende Besucher ausschlie\u00dflich f\u00fcr die Dauer des Besuches auf der Website zu identifizieren. Cookies werden auf dem Ger\u00e4t des Nutzers abgespeichert, entweder dauerhaft oder tempor\u00e4r, zum Beispiel f\u00fcr die Dauer einer Browser-Session.<\/p>\n<p>Die Cookies k\u00f6nne pers\u00f6nliche Daten \u00fcber den Nutzer enthalten. Cookies ersparen gegebenenfalls die Mehrfacheingabe von Daten, erleichtern die \u00dcbermittlung spezifischer Inhalte und helfen PhilanthroSoft bei der Identifizierung besonders popul\u00e4rer Bereiche der Website.<\/p>\n<p>Bei Deaktivierung der Verwendung von Cookies \u00fcber die Einstellungen des Browsers kann das Leistungsangebot ggf.. nicht mehr oder nur eingeschr\u00e4nkt abgerufen werden.<\/p>\n<p>Einige Kooperationspartner von PhilanthroSoft k\u00f6nnen ebenfalls Cookies auf dieser Website platzieren. PhilanthroSoft hat keinen Zugriff auf diese Cookies und kann diese nicht kontrollieren. Der Nutzer hat die M\u00f6glichkeit, die Annahme von Cookies in dem Webbrowser zu deaktivieren. PhilanthroSoft \u00fcbernimmt keine Verantwortung f\u00fcr die Benutzung von Cookies durch Kooperationspartner.<\/p>\n<p><strong>7. Datensicherheit<\/strong><\/p>\n<p>Um einen unbefugten Zugang oder eine unbefugte Offenlegung zu verhindern und um die Richtigkeit der Daten zu gew\u00e4hrleisten und die berechtigte Nutzung der Daten sicherzustellen, verwendet PhilanthroSoft entsprechende technische und organisatorische Verfahren. Dennoch ist keine elektronische Kommunikation vollkommen sicher. Das bedeutet, dass alle Daten und Informationen, die der Nutzer freiwillig an PhilanthroSoft \u00fcbermittelt, von Dritten im Wege einer widerrechtlichen Datenbeschaffung erlangt werden k\u00f6nnten. F\u00fcr die Offenlegung von Informationen aufgrund von Fehlern und \/ oder unautorisierten Zugriffen bei der Daten\u00fcbertragung durch Dritte kann PhilanthroSoft keine Verantwortung oder Haftung \u00fcbernehmen.<br><!--\n<strong>8. Google Analytics und Remarketing<\/strong>\n\nUnsere Internetseiten benutzen Google Analytics, einen Webanalysedienst der Google Inc. (1600 Amphitheatre Parkway, Mountain View, CA 94043, USA; \u201eGoogle\u201c).\n\nGoogle Analytics verwendet sog. \u201eCookies\u201c, Textdateien, die auf Ihrem Computer gespeichert werden und die eine Analyse der Benutzung der Website durch Sie erm\u00f6glichen.\n\nDie durch den Cookie erzeugten Informationen \u00fcber Ihre Benutzung dieser Website werden in der Regel an einen Server von Google in den USA \u00fcbertragen und dort gespeichert. Im Falle der Aktivierung der IP-Anonymisierung auf dieser Webseite, wird Ihre IP-Adresse von Google jedoch innerhalb von Mitgliedstaaten der Europ\u00e4ischen Union oder in anderen Vertragsstaaten des Abkommens \u00fcber den Europ\u00e4ischen Wirtschaftsraum zuvor gek\u00fcrzt. Nur in Ausnahmef\u00e4llen wird die volle IP-Adresse an einen Server von Google in den USA \u00fcbertragen und dort gek\u00fcrzt.\n\nIm Auftrag des Betreibers dieser Website wird Google diese Informationen benutzen, um Ihre Nutzung der Website auszuwerten, um Reports \u00fcber die Websiteaktivit\u00e4ten zusammenzustellen und um weitere mit der Websitenutzung und der Internetnutzung verbundene Dienstleistungen gegen\u00fcber dem Websitebetreiber zu erbringen. Die im Rahmen von Google Analytics von Ihrem Browser \u00fcbermittelte IP-Adresse wird nicht mit anderen Daten von Google zusammengef\u00fchrt.\n\nPhilanthroSoft nutzt die Remarketing-Technologie von Google. Durch diese Technologie werden Sie, wenn Sie unsere Internetseiten und Onlinedienste bereits besucht und sich f\u00fcr das Angebot interessiert haben, durch zielgerichtete Werbung auf den Seiten des Google Partner Netzwerks erneut angesprochen. Die Einblendung der Werbung erfolgt durch den Einsatz von Cookies (siehe Ziffer 6).\n\nSie k\u00f6nnen die Speicherung der Cookies durch eine entsprechende Einstellung Ihrer Browser-Software verhindern; wir weisen Sie jedoch darauf hin, dass Sie in diesem Fall gegebenenfalls nicht s\u00e4mtliche Funktionen dieser Website vollumf\u00e4nglich werden nutzen k\u00f6nnen. Sie k\u00f6nnen dar\u00fcber hinaus die Erfassung der durch das Cookie erzeugten und auf Ihre Nutzung der Website bezogenen Daten (inkl. Ihrer IP-Adresse) an Google sowie die Verarbeitung dieser Daten durch Google verhindern, indem sie das unter dem Link http:\/\/tools.google.com\/dlpage\/gaoptout?hl=de verf\u00fcgbare Browser-Plugin herunterladen und installieren.\n\nN\u00e4here Informationen hierzu finden Sie unter http:\/\/tools.google.com\/dlpage\/gaoptout?hl=de bzw. unter http:\/\/www.google.com\/intl\/de\/analytics\/privacyoverview.html (allgemeine Informationen zu Google Analytics und Datenschutz).\n\n9. Facebook (Plug Ins, Remarketing\/Custom Audiences)\n\nDiese Website benutzt Plugins des sozialen Netzwerks Facebook Inc., 1 Hacker Way, Menlo Park, CA 94025, USA integriert (\u201eFacebook\u201c). Eine \u00dcbersicht \u00fcber die Facebook-Plugins finden Sie hier: developers.facebook.com\/docs\/plugins\/.\n\nBeim Besuch unsere Internetseiten wird \u00fcber das Plugin eine direkte Verbindung zwischen Ihrem Browser und dem Facebook-Server hergestellt. Facebook erh\u00e4lt dadurch die Information, dass Sie mit Ihrer IP-Adresse unsere Seite besucht haben. Wenn Sie den Facebook \u201cLike-Button\u201d anklicken w\u00e4hrend Sie in Ihrem Facebook-Account eingeloggt sind, k\u00f6nnen Sie die Inhalte unserer Seiten auf Ihrem Facebook-Profil verlinken. Dadurch kann Facebook den Besuch unserer Seiten jeweils zuordnen. Wir weisen darauf hin, dass wir als Anbieter der Seiten keine Kenntnis vom Inhalt der \u00fcbermittelten Daten sowie deren Nutzung durch Facebook erhalten. Wenn Sie nicht w\u00fcnschen, dass Facebook den Besuch unserer Seiten Ihrem Facebook-Nutzerkonto zuordnen kann, loggen Sie sich bitte aus Ihrem Facebook-Benutzerkonto aus. N\u00e4here Informationen hierzu finden Sie unter https:\/\/www.facebook.com\/about\/privacy\/.\n\nAuf unseren Internetseiten sind Facebook-Remarketing-Tags integriert. Wenn Sie unsere Seiten besuchen, wird \u00fcber die Remarketing-Tags eine direkte Verbindung zwischen Ihrem Browser und dem Facebook-Server hergestellt. Facebook erh\u00e4lt dadurch die Information, dass Sie mit Ihrer IP-Adresse unsere Seite besucht haben. Dadurch kann Facebook den Besuch unserer Seiten jeweils zuordnen. Die so erhaltenen Informationen k\u00f6nnen wir f\u00fcr die Anzeige von Facebook Ads nutzen. Falls Sie keine Datenerfassung via Custom Audience w\u00fcnschen, k\u00f6nnen Sie Custom Audiences auf der unter Ziffer 10.1 genannten Seite mit der Facebook-Datenschutzerkl\u00e4rung hier deaktivieren.\n--><\/p>\n<div id=\"page\" class=\"hfeed site\">\n<header id=\"masthead\" class=\"site-header\" role=\"banner\">\n<hgroup><\/hgroup>\n<\/header>\n<div id=\"main\" class=\"wrapper\">\n<div id=\"primary\" class=\"site-content\">\n<div id=\"content\" role=\"main\">\n<article id=\"post-51\" class=\"post-51 page type-page status-publish hentry\">\n<header class=\"entry-header\">\n<h1 class=\"entry-title\"><span class=\"notranslate\">data protection<\/span><\/h1>\n<\/header>\n<div class=\"entry-content\">\n<p><span class=\"notranslate\"> <strong>1. Basics<\/strong><\/span><\/p>\n<p><span class=\"notranslate\"> PhilanthroSoft takes the protection of your personal data seriously and adheres to the data protection regulations &#8211; the Federal Data Protection Act, the Telemedia Act and the data protection law of the European Union.<\/span><br><span class=\"notranslate\"> PhilanthroSoft uses personal data only for the communication, operation and improvement of own web sites, the own products and if necessary.<\/span> <span class=\"notranslate\"> your own marketing.<\/span> <span class=\"notranslate\"> As a matter of principle, PhilanthroSoft does not use personal data as a source of income, so in particular &#8222;your&#8220; data is not &#8222;sold&#8220;.<\/span><\/p>\n<p><span class=\"notranslate\"> The following statement gives you an overview of what type of data PhilanthroSoft collects for what purpose.<\/span><\/p>\n<p><span class=\"notranslate\"> For all data protection questions, deletion requests, etc., please contact the following e-mail address: info@philanthrosoft.com<\/span><\/p>\n<p><span class=\"notranslate\"> <strong>2nd responsible body<\/strong><\/span><br><span class=\"notranslate\"> This site is by the<\/span><\/p>\n<p><span class=\"notranslate\"> <em>PhilanthroSoft UG (limited liability)<\/em><\/span><br><span class=\"notranslate\"> <em>Linden Alley 37<\/em><\/span><br><span class=\"notranslate\"> <em>26122 Oldenburg<\/em><\/span><\/p>\n<p><span class=\"notranslate\"> operated, this is the person responsible for data protection.<\/span><\/p>\n<p><span class=\"notranslate\"> <strong>3. Collection of personal data<\/strong><\/span><\/p>\n<p><span class=\"notranslate\"> In particular, when using the PhilanthroSoft website and the blog, the following data will be collected:<\/span><br><span class=\"notranslate\"> \u2022 The email address the user types<\/span><br><span class=\"notranslate\"> \u2022 Blog texts that the user types<\/span><br><span class=\"notranslate\"> \u2022 Website that the user types<\/span><br><span class=\"notranslate\"> \u2022 if applicable, IP that the user uses when using the website<\/span><\/p>\n<p><span class=\"notranslate\"> When using the &#8222;Boxes and Arrows&#8220; app, the app does not collect any personal data.<\/span><\/p>\n<p><span class=\"notranslate\"> <strong>4. Purpose of the survey, processing and use<\/strong><\/span><\/p>\n<p><span class=\"notranslate\"> PhilanthroSoft will use the information collected and provided by you to provide the Website and its functionalities and to communicate with you.<\/span><\/p>\n<p><span class=\"notranslate\"> PhilanthroSoft uses service providers to perform its services, which may operate under contract data processing conditions and in accordance with the respective data protection requirements.<\/span> <span class=\"notranslate\"> A passing on of the data to third parties takes place basically only in connection with the operation of the WebSite or the PhilanthroSoft products eg for the SpamArkenung of Blog entries, evaluation of the assessment of the app, other evaluation for marketing purposes.<\/span><\/p>\n<p><span class=\"notranslate\"> <strong>5. Rights of the user<\/strong><\/span><\/p>\n<p><span class=\"notranslate\"> With regard to personal data, the user has the rights to information, correction, blocking and deletion guaranteed by the Federal Data Protection Act.<\/span> <span class=\"notranslate\"> These rights may be exercised by sending a message by post or by electronic mail to the following e-mail address: info@philanthrosoft.com<\/span><\/p>\n<p><span class=\"notranslate\"> The user may also revoke any consent given at any time by appropriate notice, eg by post or by electronic mail to info@philanthrosoft.com.<\/span><\/p>\n<p><span class=\"notranslate\"> In the event that a statutory permission is omitted or a consent is revoked, the corresponding personal data will be deleted immediately.<\/span> <span class=\"notranslate\"> The deletion is replaced by a block, as far as deletion legal, statutory or contractual retention periods, especially, but not exclusively for the execution of a contractual relationship.<\/span><\/p>\n<p><span class=\"notranslate\"> <strong>6. Use of cookies<\/strong><\/span><\/p>\n<p><span class=\"notranslate\"> PhilanthroSoft may use cookies to provide users with a convenient online service and to verify the user&#8217;s eligibility to use the service.<\/span> <span class=\"notranslate\"> Cookies are text files that contain information to identify returning visitors only for the duration of the visit to the site.<\/span> <span class=\"notranslate\"> Cookies are stored on the device of the user, either permanently or temporarily, for example for the duration of a browser session.<\/span><\/p>\n<p><span class=\"notranslate\"> The cookies may contain personal information about the user.<\/span> <span class=\"notranslate\"> Cookies may eliminate the need for multiple data entry, facilitate the delivery of specific content, and help PhilanthroSoft identify particularly popular areas of the site.<\/span><\/p>\n<p><span class=\"notranslate\"> If you deactivate the use of cookies through the settings of the browser, the service may not be available or may be restricted.<\/span><\/p>\n<p><span class=\"notranslate\"> Some PhilanthroSoft cooperation partners may also place cookies on this site.<\/span> <span class=\"notranslate\"> PhilanthroSoft has no access to these cookies and can not control them.<\/span> <span class=\"notranslate\"> The user has the option to disable the acceptance of cookies in the web browser.<\/span> <span class=\"notranslate\"> PhilanthroSoft accepts no responsibility for the use of cookies by cooperation partners.<\/span><\/p>\n<p><span class=\"notranslate\"> <strong>7. Data security<\/strong><\/span><\/p>\n<p><span class=\"notranslate\"> In order to prevent unauthorized access or disclosure, and to ensure the accuracy of the data and to ensure the legitimate use of the data, PhilanthroSoft uses appropriate technical and organizational procedures.<\/span> <span class=\"notranslate\"> Nevertheless, no electronic communication is completely secure.<\/span> <span class=\"notranslate\"> This means that all data and information that the user voluntarily submits to PhilanthroSoft could be obtained from third parties by way of unlawful retrieval.<\/span> <span class=\"notranslate\"> PhilanthroSoft can not accept responsibility or liability for the disclosure of information due to errors and \/ or unauthorized access to third-party data.<\/span><\/p>\n<\/div>\n<\/article>\n<\/div>\n<\/div>\n<\/div>\n<\/div>","protected":false},"excerpt":{"rendered":"<p>1. Grunds\u00e4tzliches PhilanthroSoft nimmt den Schutz Ihrer pers\u00f6nlichen Daten&nbsp; ernst und h\u00e4lt sich an die datenschutzrechtlichen Regelungen \u2013 das Bundesdatenschutzgesetz, das Telemediengesetz und das Datenschutzrecht der Europ\u00e4ischen Union.PhilanthroSoft verwendet personenbezogene Daten grunds\u00e4tzlich nur zur Kommunikation, Betrieb und Verbesserung von eigenen WebSites, den eigen Produkten und ggF. dem eigenen Marketing. PhilanthroSoft verwendet personenbezogen Daten also grunds\u00e4tzlich [&hellip;]<\/p>\n","protected":false},"author":1,"featured_media":0,"parent":0,"menu_order":0,"comment_status":"closed","ping_status":"closed","template":"","meta":{"footnotes":""},"_links":{"self":[{"href":"http:\/\/philanthrosoft.com\/index.php?rest_route=\/wp\/v2\/pages\/51"}],"collection":[{"href":"http:\/\/philanthrosoft.com\/index.php?rest_route=\/wp\/v2\/pages"}],"about":[{"href":"http:\/\/philanthrosoft.com\/index.php?rest_route=\/wp\/v2\/types\/page"}],"author":[{"embeddable":true,"href":"http:\/\/philanthrosoft.com\/index.php?rest_route=\/wp\/v2\/users\/1"}],"replies":[{"embeddable":true,"href":"http:\/\/philanthrosoft.com\/index.php?rest_route=%2Fwp%2Fv2%2Fcomments&post=51"}],"version-history":[{"count":20,"href":"http:\/\/philanthrosoft.com\/index.php?rest_route=\/wp\/v2\/pages\/51\/revisions"}],"predecessor-version":[{"id":137,"href":"http:\/\/philanthrosoft.com\/index.php?rest_route=\/wp\/v2\/pages\/51\/revisions\/137"}],"wp:attachment":[{"href":"http:\/\/philanthrosoft.com\/index.php?rest_route=%2Fwp%2Fv2%2Fmedia&parent=51"}],"curies":[{"name":"wp","href":"https:\/\/api.w.org\/{rel}","templated":true}]}}